{"id":296,"date":"2017-10-30T09:31:35","date_gmt":"2017-10-30T09:31:35","guid":{"rendered":"https:\/\/ceccararad.ro\/ro\/?page_id=296"},"modified":"2025-01-17T15:26:57","modified_gmt":"2025-01-17T13:26:57","slug":"efectuarea-stagiului","status":"publish","type":"page","link":"https:\/\/ceccarprahova.ro\/ro\/membri\/cum-devin-membru-ceccar\/efectuarea-stagiului\/","title":{"rendered":"Efectuarea stagiului"},"content":{"rendered":"<p>Efectuarea stagiului<\/p>\n<p><a href=\"https:\/\/ceccarprahova.ro\/ro\/wp-content\/uploads\/2025\/01\/Procedura-privind-sustinerea-evaluarilor-si-reevaluarilor-din-timpul-stagiului.pdf\"><strong>Procedura de stagiu<\/strong><\/a><\/p>\n<p><a title=\"Regulament stagiu\" href=\"https:\/\/ceccarprahova.ro\/ro\/wp-content\/uploads\/2018\/10\/regulament_stagiu_aptitudini.pdf\" target=\"_blank\" rel=\"noopener\">Regulament privind efectuarea stagiului \u015fi examenul de aptitudini \u00een vederea accesului la calitatea de expert contabil \u015fi de contabil autorizat<\/a><a title=\"Modificari Regulament stagiu\" href=\"https:\/\/ceccarprahova.ro\/ro\/wp-content\/uploads\/2018\/10\/Modificari-regulament-stagiu.pdf\" target=\"_blank\" rel=\"noopener\">Hot\u0103r\u00e2re pentru modificarea \u015fi completarea Regulamentului privind efectuarea stagiului \u015fi examenul de aptitudini \u00een vederea accesului la calitatea de expert contabil \u015fi de contabil autorizat, aprobat prin Hot\u0103r\u00e2rea Consiliului Superior al Corpului Exper\u0163ilor Contabili \u015fi Contabililor Autoriza\u0163i din Rom\u00e2nia nr. 00\/33\/2000<\/a><\/p>\n<p><!-- 210e460c23ee85b2fd9dc85859815bcc --><\/p>\n<div class=\"brz-root__container\"><\/div>\n","protected":false},"excerpt":{"rendered":"<p>Efectuarea stagiului Procedura de stagiu Regulament privind efectuarea stagiului \u015fi examenul de aptitudini \u00een vederea accesului la calitatea de expert contabil \u015fi de contabil autorizatHot\u0103r\u00e2re pentru modificarea \u015fi completarea Regulamentului privind efectuarea stagiului \u015fi examenul [&hellip;]<\/p>\n","protected":false},"author":1,"featured_media":0,"parent":288,"menu_order":0,"comment_status":"closed","ping_status":"closed","template":"brizy-blank-template.php","meta":{"footnotes":""},"class_list":["post-296","page","type-page","status-publish","hentry"],"brizy_media":[],"_links":{"self":[{"href":"https:\/\/ceccarprahova.ro\/ro\/wp-json\/wp\/v2\/pages\/296","targetHints":{"allow":["GET"]}}],"collection":[{"href":"https:\/\/ceccarprahova.ro\/ro\/wp-json\/wp\/v2\/pages"}],"about":[{"href":"https:\/\/ceccarprahova.ro\/ro\/wp-json\/wp\/v2\/types\/page"}],"author":[{"embeddable":true,"href":"https:\/\/ceccarprahova.ro\/ro\/wp-json\/wp\/v2\/users\/1"}],"replies":[{"embeddable":true,"href":"https:\/\/ceccarprahova.ro\/ro\/wp-json\/wp\/v2\/comments?post=296"}],"version-history":[{"count":18,"href":"https:\/\/ceccarprahova.ro\/ro\/wp-json\/wp\/v2\/pages\/296\/revisions"}],"predecessor-version":[{"id":8617,"href":"https:\/\/ceccarprahova.ro\/ro\/wp-json\/wp\/v2\/pages\/296\/revisions\/8617"}],"up":[{"embeddable":true,"href":"https:\/\/ceccarprahova.ro\/ro\/wp-json\/wp\/v2\/pages\/288"}],"wp:attachment":[{"href":"https:\/\/ceccarprahova.ro\/ro\/wp-json\/wp\/v2\/media?parent=296"}],"curies":[{"name":"wp","href":"https:\/\/api.w.org\/{rel}","templated":true}]}}