{"id":298,"date":"2017-10-30T09:31:48","date_gmt":"2017-10-30T09:31:48","guid":{"rendered":"https:\/\/ceccararad.ro\/ro\/?page_id=298"},"modified":"2025-01-17T15:34:58","modified_gmt":"2025-01-17T13:34:58","slug":"examenul-de-aptitudini","status":"publish","type":"page","link":"https:\/\/ceccarprahova.ro\/ro\/membri\/cum-devin-membru-ceccar\/examenul-de-aptitudini\/","title":{"rendered":"Examenul de aptitudini"},"content":{"rendered":"<section class=\"fw-main-row  auto  fw-section-position-back\">\n<div class=\"fw-container\">\n<div class=\"fw-row\">\n<div id=\"column-627d05aaa14fa\" class=\"fw-col-sm-12 tf-sh-c300de8d93c12c41de971195142b5179\">\n<div class=\"fw-wrap-col-inner clearfix  \">\n<div class=\"fw-col-inner\">\n<div class=\"fw-text-box tf-sh-d16a8f8ab14b32f38823c678f7be2ac1 \">\n<div class=\"fw-text-inner\">\n<p><strong><span style=\"font-size: 12pt;\">Examenul de aptitudini<br \/>\n<\/span><\/strong><\/p>\n<\/div>\n<\/div>\n<div class=\"fw-divider-space space-sm  clearfix\"><\/div>\n<div class=\"tf-sh-60e495e8f505eeb4fc9ea5e5977f3eca fw-tabs fw-tabs-minimal fw-tabs-top \">\n<ul class=\"nav nav-tabs nav-justified\">\n<li class=\"active\">Programa aferent\u0103 examenului de aptitudini<\/li>\n<li>Dosarul de \u00eenscriere la examenul de aptitudini<\/li>\n<li>Sesiuni de examen de aptitudini<\/li>\n<li><a href=\"https:\/\/ceccarprahova.ro\/ro\/wp-content\/uploads\/2025\/01\/Regulament-examen-aptitudini_avizat-MF.pdf\">Regulamentului privind organizarea \u0219i desf\u0103\u0219urarea examenului de aptitudini<\/a><\/li>\n<li><a href=\"https:\/\/ceccar.ro\/ro\/wp-content\/uploads\/2021\/05\/EC-Tematica-examen-Aptitudini-mai-2021.pd\">Programa aferent\u0103 examenului de aptitudini\u00a0\u00een vederea ob\u0163inerii calit\u0103\u0163ii de expert contabil<\/a><\/li>\n<\/ul>\n<div class=\"tab-content clearfix\">\n<div id=\"tab-cont-60e495e8f505eeb4fc9ea5e5977f3eca-1\" class=\"tab-pane fade in active\">\n<ul>\n<li style=\"text-align: justify;\"><a href=\"https:\/\/ceccar.ro\/ro\/wp-content\/uploads\/2021\/05\/CA-Tematica-examen-Aptitudini-mai-2021.pdf\">Programa aferent\u0103 examenului de aptitudini\u00a0\u00een vederea ob\u0163inerii calit\u0103\u0163ii de contabil autorizat<\/a><\/li>\n<\/ul>\n<\/div>\n<div id=\"tab-cont-60e495e8f505eeb4fc9ea5e5977f3eca-2\" class=\"tab-pane fade \">\n<h1>Dosarul de \u00eenscriere la examenul de aptitudini<\/h1>\n<p class=\"has-black-color has-text-color\">Pentru \u00eenscrierea la examenul de aptitudini, stagiarii care \u00eendeplinesc condi\u021biile prev\u0103zute de\u00a0<em>Regulamentul privind organizarea \u0219i desf\u0103\u0219urarea examenului de aptitudini pentru accesul la profesia de expert contabil \u0219i contabil autorizat<\/em>\u00a0vor depune la filiala CECCAR \u00een cadrul c\u0103reia s-a efectuat stagiul sau la filiala de domiciliu, un dosar care s\u0103 cuprind\u0103:<\/p>\n<p class=\"has-black-color has-text-color\">a<strong>) cerere de \u00eenscriere la examenul de aptitudini, semnat\u0103 olograf, \u00een original<\/strong>;<\/p>\n<p class=\"has-black-color has-text-color\">b) copie certificat\u0103 pentru conformitate cu originalul a diplomei care atest\u0103 finalizarea studiilor superioare \u00een cadrul unui program de studii universitare \u00een conformitate cu prevederile Legii educa\u021biei na\u021bionale nr.1\/2011, cu modific\u0103rile \u0219i complet\u0103rile ulterioare, sau echivalent, \u00een \u0219tiin\u021be economice, pentru candida\u021bii \u00eenscri\u0219i la examenul de expert contabil,\u00a0 respectiv a diplomei de bacalaureat sau echivalent pentru candida\u021bii \u00eenscri\u0219i la examenul de contabil autorizat, recunoscute de ministerul de resort;<\/p>\n<p class=\"has-black-color has-text-color\">c) copie certificat\u0103 pentru conformitate cu originalul a actului de identitate;<\/p>\n<p class=\"has-black-color has-text-color\">d) copia certificatului de c\u0103s\u0103torie, \u00een cazul \u00een care numele \u00eenscris pe actele de studii nu coincide cu numele din actul de identitate, certificat\u0103 pentru conformitate cu originalul.<\/p>\n<p class=\"has-black-color has-text-color\">e) certificat de cazier judiciar valabil, \u00een original;<\/p>\n<p class=\"has-black-color has-text-color\">f) adeverin\u021b\u0103 medical\u0103 care s\u0103 ateste capacitatea de exerci\u021biu deplin\u0103, \u00een original;<\/p>\n<p class=\"has-black-color has-text-color\">g)\u00a0<strong>dou\u0103 fotografii tip C.I.;<\/strong><\/p>\n<p class=\"has-black-color has-text-color\">h)\u00a0<strong>dovada achit\u0103rii taxei de \u00eenscriere<\/strong>;<\/p>\n<p class=\"has-black-color has-text-color\">i) certificat de stagiu emis de filiala CECCAR \u00een cadrul c\u0103reia s-a efectuat stagiul, \u00een original;<\/p>\n<p class=\"has-black-color has-text-color\">j) acordul GDPR, conform anexei<\/p>\n<p class=\"has-black-color has-text-color\"><strong>k) acord inregistrare audio-video, conform anexei<\/strong><\/p>\n<p class=\"has-black-color has-text-color\"><strong>j) cererea de \u00eenscriere ca membru CECCAR condi\u021bionat\u0103 de promovarea examenului de aptitudini,\u00a0<em>(prev\u0103zut\u0103 de art. 15, alin. (2), lit.j. din Regulamentul de aptitudini)<\/em><\/strong><\/p>\n<p class=\"has-black-color has-text-color\">Pentru candida\u021bii noi,\u00a0<strong>care nu au participat<\/strong>\u00a0la sesiunea ordinar\u0103 a examenului de aptitudini, organizat\u0103 \u00een martie 2021, certificarea copiei pentru conformitate cu originalul pentru documentele prev\u0103zute la lit. b) \u2013 d) se realizeaz\u0103 de c\u0103tre personalul CECCAR. Candidatul va prezenta la depunerea dosarului aceste documente \u00een original sau copie legalizat\u0103, iar dup\u0103 certificarea copiei pentru conformitate cu originalul, originalul sau copia legalizat\u0103 se returneaz\u0103 titularului.<\/p>\n<p class=\"has-black-color has-text-color\">Pentru candida\u021bii\u00a0<strong>care au participat<\/strong>\u00a0la sesiunea ordinar\u0103 a examenului de aptitudini, organizat\u0103 \u00een martie 2021, dosarul de \u00eenscriere va fi con\u021bine documentele prev\u0103zute la pct.a, g \u0219i h, k \u0219i j.<\/p>\n<p class=\"has-black-color has-text-color\">Data limit\u0103 p\u00e2n\u0103 la care candida\u021bii pot depune dosarul de \u00eenscriere la sesiunea extraordinar\u0103 a examenului de aptitudini este\u00a0<strong>17 mai 2021<\/strong>.<\/p>\n<p class=\"has-black-color has-text-color\">Pentru a veni \u00een sprijinul stagiarilor, \u00eencep\u00e2nd cu data de\u00a0<strong>05 mai 2021<\/strong>, se vor organiza cursuri de preg\u0103tire, cu precizarea c\u0103 participarea la cursuri este condi\u021bionat\u0103 de depunerea dosarului de \u00eenscriere la examen.<\/p>\n<p class=\"has-black-color has-text-color\">Graficul cursurilor de preg\u0103tire poate fi consultat pe site-ul filialelor de domiciliu.<\/p>\n<\/div>\n<div id=\"tab-cont-60e495e8f505eeb4fc9ea5e5977f3eca-3\" class=\"tab-pane fade \">\n<h1>Sesiunea extraordinar\u0103 a examenului de aptitudini, 27 \u2013 29 mai 2022<\/h1>\n<p class=\"has-black-color has-text-color\"><strong>Dosarul de \u00eenscriere la examenul de aptitudini<\/strong><\/p>\n<p class=\"has-black-color has-text-color\">Pentru \u00eenscrierea la sesiunea extraordinar\u0103 a examenului de aptitudini, stagiarii care \u00eendeplinesc condi\u021biile prev\u0103zute de\u00a0<em>Regulamentul privind organizarea \u0219i desf\u0103\u0219urarea examenului de aptitudini pentru accesul la profesia de expert contabil \u0219i contabil autorizat<\/em>\u00a0vor depune la filiala CECCAR \u00een cadrul c\u0103reia s-a efectuat stagiul sau la filiala de domiciliu, un dosar care s\u0103 cuprind\u0103:<\/p>\n<p class=\"has-black-color has-text-color\">a) cerere de \u00eenscriere la examenul de aptitudini, semnat\u0103 olograf, \u00een original;<\/p>\n<p class=\"has-black-color has-text-color\">b)\u00a0<strong>copie certificat\u0103 pentru conformitate cu originalul a diplomei care atest\u0103 finalizarea studiilor superioare \u00een cadrul unui program de studii universitare \u00een conformitate cu prevederile Legii educa\u021biei na\u021bionale nr.1\/2011, cu modific\u0103rile \u0219i complet\u0103rile ulterioare, sau echivalent, \u00een \u0219tiin\u021be economice, pentru candida\u021bii \u00eenscri\u0219i la examenul de expert contabil,\u00a0 respectiv a diplomei de bacalaureat sau echivalent pentru candida\u021bii \u00eenscri\u0219i la examenul de contabil autorizat, recunoscute de ministerul de resort;<\/strong><\/p>\n<p class=\"has-black-color has-text-color\">c) copie certificat\u0103 pentru conformitate cu originalul a actului de identitate;<\/p>\n<p class=\"has-black-color has-text-color\">d) copia certificatului de c\u0103s\u0103torie, \u00een cazul \u00een care numele \u00eenscris pe actele de studii nu coincide cu numele din actul de identitate, certificat\u0103 pentru conformitate cu originalul.<\/p>\n<p class=\"has-black-color has-text-color\">e)\u00a0<strong>certificat de cazier judiciar valabil, \u00een original;<\/strong><\/p>\n<p class=\"has-black-color has-text-color\">f)\u00a0<strong>adeverin\u021b\u0103 medical\u0103 care s\u0103 ateste capacitatea de exerci\u021biu deplin\u0103, \u00een original<\/strong>;<\/p>\n<p class=\"has-black-color has-text-color\">g)\u00a0dou\u0103 fotografii tip C.I.;<\/p>\n<p class=\"has-black-color has-text-color\">h)\u00a0dovada achit\u0103rii taxei de \u00eenscriere;<\/p>\n<p class=\"has-black-color has-text-color\">i)\u00a0<strong>certificat de stagiu emis de filiala CECCAR \u00een cadrul c\u0103reia s-a efectuat stagiul, \u00een original<\/strong>;<\/p>\n<p class=\"has-black-color has-text-color\">j) acordul GDPR;<\/p>\n<p class=\"has-black-color has-text-color\">k) acord inregistrare audio-video;<\/p>\n<p class=\"has-black-color has-text-color\">j) cererea de \u00eenscriere ca membru CECCAR condi\u021bionat\u0103 de promovarea examenului de aptitudini,\u00a0<em>(prev\u0103zut\u0103 de art. 15, alin. (2), lit.j. din Regulamentul de aptitudini)<\/em><\/p>\n<p class=\"has-black-color has-text-color\">Data limit\u0103 p\u00e2n\u0103 la care candida\u021bii pot depune dosarul de \u00eenscriere la sesiunea extraordinar\u0103 a examenului de aptitudini este\u00a0<strong>16 mai 2022<\/strong>.<\/p>\n<p class=\"has-black-color has-text-color\">Candida\u021bii care au participat la sesiunea ordinar\u0103 a examenului de aptitudini, sesiunea martie 2022, nu vor mai depune documentele men\u021bionate la lit. b, e, f \u0219i i.<\/p>\n<p class=\"has-black-color has-text-color\"><strong><u>Probe examen aptitudini<\/u><\/strong><strong><u>:<\/u><\/strong><\/p>\n<figure class=\"wp-block-image size-large is-resized\"><img decoding=\"async\" class=\"wp-image-25649\" src=\"https:\/\/ceccar.ro\/ro\/wp-content\/uploads\/2022\/04\/tabel1.png\" alt=\"\" width=\"670\" \/><\/figure>\n<figure class=\"wp-block-image size-large is-resized\"><img decoding=\"async\" class=\"wp-image-25650\" src=\"https:\/\/ceccar.ro\/ro\/wp-content\/uploads\/2022\/04\/tabel2.png\" alt=\"\" width=\"670\" \/><\/figure>\n<\/div>\n<div id=\"tab-cont-60e495e8f505eeb4fc9ea5e5977f3eca-4\" class=\"tab-pane fade \">\n<ul>\n<li><a href=\"https:\/\/ceccarprahova.ro\/ro\/wp-content\/uploads\/2025\/01\/Regulament-examen-aptitudini_avizat-MF.pdf\">Regulamentului privind organizarea \u0219i desf\u0103\u0219urarea examenului de aptitudini<\/a><\/li>\n<\/ul>\n<\/div>\n<\/div>\n<\/div>\n<div class=\"fw-divider-space space-sm  clearfix\"><\/div>\n<\/div>\n<\/div>\n<\/div>\n<\/div>\n<\/div>\n<\/section>\n<p><!-- 57235fd350c81a4e834a4e7fdbe31686 --><\/p>\n","protected":false},"excerpt":{"rendered":"<p>Examenul de aptitudini Programa aferent\u0103 examenului de aptitudini Dosarul de \u00eenscriere la examenul de aptitudini Sesiuni de examen de aptitudini Regulamentului privind organizarea \u0219i desf\u0103\u0219urarea examenului de aptitudini Programa aferent\u0103 examenului de aptitudini\u00a0\u00een vederea ob\u0163inerii [&hellip;]<\/p>\n","protected":false},"author":1,"featured_media":0,"parent":288,"menu_order":0,"comment_status":"closed","ping_status":"closed","template":"visual-builder-template.php","meta":{"footnotes":""},"class_list":["post-298","page","type-page","status-publish","hentry"],"brizy_media":[],"_links":{"self":[{"href":"https:\/\/ceccarprahova.ro\/ro\/wp-json\/wp\/v2\/pages\/298","targetHints":{"allow":["GET"]}}],"collection":[{"href":"https:\/\/ceccarprahova.ro\/ro\/wp-json\/wp\/v2\/pages"}],"about":[{"href":"https:\/\/ceccarprahova.ro\/ro\/wp-json\/wp\/v2\/types\/page"}],"author":[{"embeddable":true,"href":"https:\/\/ceccarprahova.ro\/ro\/wp-json\/wp\/v2\/users\/1"}],"replies":[{"embeddable":true,"href":"https:\/\/ceccarprahova.ro\/ro\/wp-json\/wp\/v2\/comments?post=298"}],"version-history":[{"count":19,"href":"https:\/\/ceccarprahova.ro\/ro\/wp-json\/wp\/v2\/pages\/298\/revisions"}],"predecessor-version":[{"id":8621,"href":"https:\/\/ceccarprahova.ro\/ro\/wp-json\/wp\/v2\/pages\/298\/revisions\/8621"}],"up":[{"embeddable":true,"href":"https:\/\/ceccarprahova.ro\/ro\/wp-json\/wp\/v2\/pages\/288"}],"wp:attachment":[{"href":"https:\/\/ceccarprahova.ro\/ro\/wp-json\/wp\/v2\/media?parent=298"}],"curies":[{"name":"wp","href":"https:\/\/api.w.org\/{rel}","templated":true}]}}