{"id":572,"date":"2018-10-21T14:54:52","date_gmt":"2018-10-21T12:54:52","guid":{"rendered":"https:\/\/ceccararad.ro\/ro\/?page_id=572"},"modified":"2026-04-13T06:17:36","modified_gmt":"2026-04-13T04:17:36","slug":"ex-de-acces-la-stagiu","status":"publish","type":"page","link":"https:\/\/ceccarprahova.ro\/ro\/membri\/cum-devin-membru-ceccar\/ex-de-acces-la-stagiu\/","title":{"rendered":"Examenul de acces la stagiu"},"content":{"rendered":"<section   class=\"fw-main-row  auto  fw-section-position-back\"    >\n\t\t\t<div class=\"fw-container\" >\n\t\t<div class=\"fw-row\">\n\t<div id=\"column-69e4a65e34111\" class=\"fw-col-sm-12 tf-sh-4bf7de7076824fb4c351a6d1039d0743\" >\n\t<div class=\"fw-wrap-col-inner clearfix  \"   >\n\t\t\t\t<div class=\"fw-col-inner\">\n\t\t\t<div class=\"fw-text-box tf-sh-b4a496c23a94b122350f1c9e2210e50c \" >\n\t<div class=\"fw-text-inner\">\n\t\t<p><strong><span style=\"font-size: 12pt;\">Examenul de acces la stagiu<\/span><\/strong><\/p>\n\t<\/div>\n<\/div><div class=\"fw-divider-space space-sm  clearfix\"  ><\/div><div class=\"tf-sh-435841a89aa1e8b5e1a52a967d0eb145 fw-tabs fw-tabs-minimal fw-tabs-top https:\/\/ceccar.ro\/ro\/wp-content\/uploads\/2020\/09\/EC-Tematica-avizata-MFP-Acces-oct-2020.pdf\" >\n\t<ul class=\"nav nav-tabs nav-justified\">\n\t\t\t\t\t<li class=\"active\">\n\t\t\t\t<a href=\"#tab-cont-435841a89aa1e8b5e1a52a967d0eb145-1\" data-toggle=\"tab\">\n\t\t\t\t\t\n\t\t\t\t\t\t\t\t\t\t<span>Anun\u0163uri \u015fi nout\u0103\u0163i<\/span>\n\t\t\t\t<\/a>\n\t\t\t<\/li>\n\t\t\t\t\t\t\t\t<li >\n\t\t\t\t<a href=\"#tab-cont-435841a89aa1e8b5e1a52a967d0eb145-2\" data-toggle=\"tab\">\n\t\t\t\t\t\n\t\t\t\t\t\t\t\t\t\t<span>Regulament privind accesul la profesia de expert contabil \u015fi de contabil autorizat<\/span>\n\t\t\t\t<\/a>\n\t\t\t<\/li>\n\t\t\t\t\t\t\t\t<li >\n\t\t\t\t<a href=\"#tab-cont-435841a89aa1e8b5e1a52a967d0eb145-3\" data-toggle=\"tab\">\n\t\t\t\t\t\n\t\t\t\t\t\t\t\t\t\t<span>Dosarul de \u00eenscriere la examenul de acces la stagiu<\/span>\n\t\t\t\t<\/a>\n\t\t\t<\/li>\n\t\t\t\t\t\t\t\t<li >\n\t\t\t\t<a href=\"#tab-cont-435841a89aa1e8b5e1a52a967d0eb145-4\" data-toggle=\"tab\">\n\t\t\t\t\t\n\t\t\t\t\t\t\t\t\t\t<span>Sesiuni de examen de acces la stagiu<\/span>\n\t\t\t\t<\/a>\n\t\t\t<\/li>\n\t\t\t\t\t\t\t\t<li >\n\t\t\t\t<a href=\"#tab-cont-435841a89aa1e8b5e1a52a967d0eb145-5\" data-toggle=\"tab\">\n\t\t\t\t\t\n\t\t\t\t\t\t\t\t\t\t<span>Calendar cursuri<\/span>\n\t\t\t\t<\/a>\n\t\t\t<\/li>\n\t\t\t\t\t\t\t\t<li >\n\t\t\t\t<a href=\"#tab-cont-435841a89aa1e8b5e1a52a967d0eb145-6\" data-toggle=\"tab\">\n\t\t\t\t\t\n\t\t\t\t\t\t\t\t\t\t<span>Programa aferent\u0103 examenului de admitere la stagiu \u00een vederea ob\u0163inerii calit\u0103\u0163ii de expert contabil (sesiunea septembri octombrie 2022).<\/span>\n\t\t\t\t<\/a>\n\t\t\t<\/li>\n\t\t\t\t\t\t\t\t<li >\n\t\t\t\t<a href=\"#tab-cont-435841a89aa1e8b5e1a52a967d0eb145-7\" data-toggle=\"tab\">\n\t\t\t\t\t\n\t\t\t\t\t\t\t\t\t\t<span>Programa aferent\u0103 examenului de admitere la stagiu \u00een vederea ob\u0163inerii calit\u0103\u0163ii de contabil autorizat (sesiunea septembrie octombrie 2022).<\/span>\n\t\t\t\t<\/a>\n\t\t\t<\/li>\n\t\t\t\t\t\t\t\t<li >\n\t\t\t\t<a href=\"#tab-cont-435841a89aa1e8b5e1a52a967d0eb145-8\" data-toggle=\"tab\">\n\t\t\t\t\t\n\t\t\t\t\t\t\t\t\t\t<span>Examenul de acces & efectuarea stagiului<\/span>\n\t\t\t\t<\/a>\n\t\t\t<\/li>\n\t\t\t\t\t\t<\/ul>\n\n\t<div class=\"tab-content clearfix\">\n\t\t\t\t\t<div id=\"tab-cont-435841a89aa1e8b5e1a52a967d0eb145-1\"\n\t\t\t     class=\"tab-pane fade in active\">\n\t\t\t\t\n\t\t\t\t\t\t\t\t\t<h1>Examenul de admitere la stagiu \u2013 sesiunea 30 septembrie \u0219i 01 octombrie 2022<\/h1><h1><strong>Con\u021binutul dosarului<\/strong><\/h1><p class=\"has-black-color has-text-color\">\u00censcrierea la examenul de admitere la stagiu \u00een vederea ob\u0163inerii calit\u0103\u0163ii de expert contabil sau de contabil autorizat se face \u00een baza unui dosar care se depune la sediul filialei CECCAR \u00een a c\u0103rei raz\u0103 teritorial\u0103 \u00ee\u015fi are domiciliul candidatul.<\/p><p class=\"has-black-color has-text-color\">Con\u021binutul dosarului de \u00eenscriere pentru sus\u021binerea examenului de admitere la stagiu \u00een vederea ob\u0163inerii\u00a0<strong>calit\u0103\u0163ii de expert contabil<\/strong>:<\/p><ul><li>cererea de \u00eenscriere (<a href=\"https:\/\/ceccar.ro\/ro\/wp-content\/uploads\/2021\/09\/Cerere-inscriere-examen-admitere-stagiu_final.pdf\" target=\"_blank\" rel=\"noreferrer noopener\">model Anex\u0103<\/a>);<\/li><li>certificatul medical din care s\u0103 rezulte c\u0103 solicitantul are capacitate de exerci\u021biu deplin\u0103;<\/li><li>curriculum vitae (<a href=\"https:\/\/ceccar.ro\/ro\/wp-content\/uploads\/2021\/07\/CV.pdf\" target=\"_blank\" rel=\"noreferrer noopener\">model Anex\u0103<\/a>);<\/li><li>copie legalizat\u0103 a actului de studii, din care s\u0103 rezulte c\u0103 solicitantul are studii superioare economice cu diplom\u0103 recunoscut\u0103 de Ministerul Educa\u021biei;<\/li><li>certificat de cazier judiciar cu termen de valabilitate neexpirat;<\/li><li>dovada achit\u0103rii taxei de \u00eenscriere la examen \u00een cuantum de 175 Euro (c\/v \u00een lei la cursul BNR din ziua pl\u0103\u0163ii).<\/li><li>acordul GDPR (<a href=\"https:\/\/ceccar.ro\/ro\/wp-content\/uploads\/2021\/07\/Acord-GDPR-ex-acces-2021.pdf\" target=\"_blank\" rel=\"noreferrer noopener\">model Anex\u0103<\/a>)<\/li><li>acordul de \u00eenregistrare audio-video (<a href=\"https:\/\/ceccar.ro\/ro\/wp-content\/uploads\/2022\/04\/Acord-inregistrare-audio-video-examen.pdf\" target=\"_blank\" rel=\"noreferrer noopener\">model Anex\u0103<\/a>)<\/li><li>2 fotografii tip buletin;<\/li><\/ul><p class=\"has-black-color has-text-color\">Con\u021binutul dosarului de \u00eenscriere pentru sus\u021binerea examenului de admitere la stagiu \u00een vederea ob\u0163inerii\u00a0<strong>calit\u0103\u0163ii de contabil autorizat<\/strong>:<\/p><ul><li>cererea de \u00eenscriere (<a href=\"https:\/\/ceccar.ro\/ro\/wp-content\/uploads\/2021\/09\/Cerere-inscriere-examen-admitere-stagiu_final.pdf\" target=\"_blank\" rel=\"noreferrer noopener\">model Anex\u0103<\/a>)<\/li><li>certificatul medical din care s\u0103 rezulte c\u0103 solicitantul are capacitate de exerci\u021biu deplin\u0103;<\/li><li>curriculum vitae (<a href=\"https:\/\/ceccar.ro\/ro\/wp-content\/uploads\/2021\/07\/CV.pdf\" target=\"_blank\" rel=\"noreferrer noopener\">model Anex\u0103<\/a>);<\/li><li>copie legalizat\u0103 a actului de studii, din care s\u0103 rezulte c\u0103 solicitantul are studii medii cu diplom\u0103 recunoscut\u0103 de Ministerul Educa\u021biei;<\/li><li>certificat de cazier judiciar cu termen de valabilitate neexpirat;<\/li><li>dovada achit\u0103rii taxei de \u00eenscriere la examen \u00een cuantum de 125 Euro (c\/v \u00een lei la cursul BNR din ziua pl\u0103\u0163ii).<\/li><li>acordul GDPR \u00a0(<a href=\"https:\/\/ceccar.ro\/ro\/wp-content\/uploads\/2021\/07\/Acord-GDPR-ex-acces-2021.pdf\" target=\"_blank\" rel=\"noreferrer noopener\">model Anex\u0103<\/a>)<\/li><li>acordul de \u00eenregistrare audio-video (<a href=\"https:\/\/ceccar.ro\/ro\/wp-content\/uploads\/2021\/10\/Acord-inregistrare-audio-video-examen.pdf\" target=\"_blank\" rel=\"noreferrer noopener\">model Anex\u0103<\/a>)<\/li><li>2 fotografii tip buletin<\/li><\/ul><p class=\"has-black-color has-text-color\">Dosarul de \u00eenscriere se va depune la sediul filialei CECCAR \u00een a c\u0103rei raz\u0103 teritorial\u0103 \u00ee\u015fi are domiciliul candidatul, p\u00e2n\u0103 la data de\u00a0<strong>12 septembrie 2022.<\/strong><\/p><h1><strong>Structur\u0103 probe examene<\/strong><\/h1><p class=\"has-black-color has-text-color\">Examenul de admitere la stagiu se va organiza \u00een zilele de 30 septembrie \u2013 \u00a001 octombrie 2022 \u0219i const\u0103 \u00een urm\u0103toarele:<\/p><ul><li><strong>Pentru categoria de expert contabil sus\u021binerea a dou\u0103 probe scrise, dup\u0103 cum urmeaz\u0103:<\/strong><ul><li>o prob\u0103 scris\u0103 cu subiecte din disciplinele\u00a0<em>Contabilitate, Fiscalitate\u00a0<\/em>\u015fi<em>\u00a0Drept<\/em>, cu o durat\u0103 de 3 ore;<\/li><\/ul><ul><li>o prob\u0103 scris\u0103 cu subiecte din disciplinele\u00a0<em>Evaluare economic\u0103 \u015fi financiar\u0103 a \u00eentreprinderilor, Audit, Expertiz\u0103 contabil\u0103 \u015fi Doctrina \u015fi deontologia profesiei contabile<\/em>, cu o durat\u0103 de 3 ore;<\/li><\/ul><\/li><\/ul><ul><li><strong>Pentru categoria contabililor autoriza\u0163i care \u00eendeplinesc condi\u0163ia de studii superioare economice sus\u021binerea<\/strong>\u00a0unei probe scrise cu subiecte din disciplinele\u00a0<em>Contabilitate, Evaluare economic\u0103 \u015fi financiar\u0103 a \u00eentreprinderilor, Audit, Expertiz\u0103 contabil\u0103, Doctrina\u00a0\u015fi deontologia profesiei contabile<\/em>\u00a0cu o durat\u0103 de 4 ore;<\/li><li><strong>Pentru categoria de contabil autorizat sus\u021binerea unei probe scrise, cu subiecte\u00a0<\/strong>din disciplinele Contabilitate, Fiscalitate \u015fi Drept, cu o durat\u0103 de 3 ore.<\/li><\/ul><p class=\"has-black-color has-text-color\">Se declar\u0103 admi\u0219i candida\u021bii care ob\u021bin cel pu\u021bin media 7 \u0219i minimum nota 6 la fiecare disciplin\u0103 de examen.<\/p>\t\t\t\t\t\t\t<\/div>\n\t\t\t\t\t\t<div id=\"tab-cont-435841a89aa1e8b5e1a52a967d0eb145-2\"\n\t\t\t     class=\"tab-pane fade \">\n\t\t\t\t\n\t\t\t\t\t\t\t\t\t<header><a href=\"https:\/\/ceccar.ro\/ro\/wp-content\/uploads\/2011\/09\/regulament-acces.pdf\">Regulament privind accesul la profesia de expert contabil \u015fi de contabil autorizat<\/a><\/header>\t\t\t\t\t\t\t<\/div>\n\t\t\t\t\t\t<div id=\"tab-cont-435841a89aa1e8b5e1a52a967d0eb145-3\"\n\t\t\t     class=\"tab-pane fade \">\n\t\t\t\t\n\t\t\t\t\t\t\t\t\t<h1>Examenul de admitere la stagiu \u2013 sesiunea 26 \u2013 27 septembrie 2024<\/h1><h1 class=\"wp-block-heading has-black-color has-text-color\"><strong>Con\u021binutul dosarului<\/strong><\/h1><p class=\"has-black-color has-text-color\">\u00censcrierea la examenul de admitere la stagiu \u00een vederea ob\u0163inerii calit\u0103\u0163ii de expert contabil sau de contabil autorizat se face \u00een baza unui dosar care se depune la sediul filialei CECCAR \u00een a c\u0103rei raz\u0103 teritorial\u0103 \u00ee\u015fi are domiciliul candidatul p\u00e2n\u0103 la data de 11 septembrie 2024.<\/p><p class=\"has-black-color has-text-color\">Con\u021binutul dosarului de \u00eenscriere pentru sus\u021binerea examenului de admitere la stagiu \u00een vederea ob\u0163inerii\u00a0<strong>calit\u0103\u0163ii de expert contabil<\/strong>:<\/p><ul class=\"has-black-color has-text-color\"><li>cererea de \u00eenscriere (<a href=\"https:\/\/ceccar.ro\/ro\/wp-content\/uploads\/2023\/02\/Cerere-inscriere-examen-admitere.pdf\" target=\"_blank\" rel=\"noreferrer noopener\">model Anex\u0103<\/a>);<\/li><li>certificatul medical din care s\u0103 rezulte c\u0103 solicitantul are capacitate de exerci\u021biu deplin\u0103;<\/li><li>curriculum vitae (<a href=\"https:\/\/ceccar.ro\/ro\/wp-content\/uploads\/2023\/02\/CV.pdf\" target=\"_blank\" rel=\"noreferrer noopener\">model Anex\u0103<\/a>);<\/li><li>copia certificat\u0103 pentru conformitate cu originalul a diplomei care atest\u0103 finalizarea studiilor superioare economice cu diplom\u0103 recunoscut\u0103 de Ministerul Educa\u021biei;<\/li><li>certificat de cazier judiciar cu termen de valabilitate neexpirat;<\/li><li>dovada achit\u0103rii taxei de \u00eenscriere la examen \u00een cuantum de 175 Euro (c\/v \u00een lei la cursul BNR din ziua pl\u0103\u0163ii), tax\u0103 care va fi achitat\u0103 \u00een contul filialei \u00een cadrul c\u0103reia se face \u00eenscrierea;<\/li><li>acordul GDPR (<a href=\"https:\/\/ceccar.ro\/ro\/wp-content\/uploads\/2023\/02\/Formular-GDPR.pdf\" target=\"_blank\" rel=\"noreferrer noopener\">model Anex\u0103<\/a>)<\/li><li>acordul de \u00eenregistrare audio-video (<a title=\"\" href=\"https:\/\/ceccar.ro\/ro\/wp-content\/uploads\/2024\/02\/Acord-inregistrare-audio-video-examen_noiembrie-2024.pdf\" target=\"_blank\" rel=\"noopener\">model Anex\u0103<\/a>)<\/li><\/ul><p class=\"has-black-color has-text-color\">Con\u021binutul dosarului de \u00eenscriere pentru sus\u021binerea examenului de admitere la stagiu \u00een vederea ob\u0163inerii\u00a0<strong>calit\u0103\u0163ii de contabil autorizat<\/strong>:<\/p><ul class=\"has-black-color has-text-color\"><li>cererea de \u00eenscriere (<a href=\"https:\/\/ceccar.ro\/ro\/wp-content\/uploads\/2023\/02\/Cerere-inscriere-examen-admitere.pdf\" target=\"_blank\" rel=\"noreferrer noopener\">model Anex\u0103<\/a>);<\/li><li>certificatul medical din care s\u0103 rezulte c\u0103 solicitantul are capacitate de exerci\u021biu deplin\u0103;<\/li><li>curriculum vitae (<a href=\"https:\/\/ceccar.ro\/ro\/wp-content\/uploads\/2023\/02\/CV.pdf\" target=\"_blank\" rel=\"noreferrer noopener\">model Anex\u0103<\/a>);<\/li><li>copia certificat\u0103 pentru conformitate cu originalul a diplomei care atest\u0103 finalizarea studiilor medii cu diplom\u0103 recunoscut\u0103 de Ministerul Educa\u021biei;<\/li><li>certificat de cazier judiciar cu termen de valabilitate neexpirat;<\/li><li>dovada achit\u0103rii taxei de \u00eenscriere la examen \u00een cuantum de 125 Euro (c\/v \u00een lei la cursul BNR din ziua pl\u0103\u0163ii), tax\u0103 care va fi achitat\u0103 \u00een contul filialei \u00een cadrul c\u0103reia se face \u00eenscrierea;<\/li><li>acordul GDPR \u00a0(<a href=\"https:\/\/ceccar.ro\/ro\/wp-content\/uploads\/2023\/02\/Formular-GDPR.pdf\" target=\"_blank\" rel=\"noreferrer noopener\">model Anex\u0103<\/a>);<\/li><li>acordul de \u00eenregistrare audio-video (<a title=\"\" href=\"https:\/\/ceccar.ro\/ro\/wp-content\/uploads\/2024\/02\/Acord-inregistrare-audio-video-examen_noiembrie-2024.pdf\" target=\"_blank\" rel=\"noopener\">model Anex\u0103<\/a>).<\/li><\/ul><h1 class=\"wp-block-heading has-black-color has-text-color\"><strong>Structur\u0103 probe examene<\/strong><\/h1><p class=\"has-black-color has-text-color\">Examenul de admitere la stagiu se va organiza \u00een zilele de 26 \u2013 27 septembrie 2024 \u0219i const\u0103 \u00een urm\u0103toarele:<\/p><ul class=\"has-black-color has-text-color\"><li><strong>Pentru categoria de expert contabil sus\u021binerea a dou\u0103 probe scrise, dup\u0103 cum urmeaz\u0103:<\/strong><ul><li>o prob\u0103 scris\u0103 cu subiecte din disciplinele\u00a0<em>Contabilitate, Fiscalitate\u00a0<\/em>\u015fi<em>\u00a0Drept<\/em>, cu o durat\u0103 de 3 ore;<\/li><li>o prob\u0103 scris\u0103 cu subiecte din disciplinele\u00a0<em>Evaluare economic\u0103 \u015fi financiar\u0103 a \u00eentreprinderilor, Audit, Expertiz\u0103 contabil\u0103 \u015fi Doctrina \u015fi deontologia profesiei contabile<\/em>, cu o durat\u0103 de 3 ore;<\/li><\/ul><\/li><li><strong>Pentru categoria contabililor autoriza\u0163i care \u00eendeplinesc condi\u0163ia de studii superioare economice sus\u021binerea<\/strong>\u00a0unei probe scrise cu subiecte din disciplinele\u00a0<em>Contabilitate, Evaluare economic\u0103 \u015fi financiar\u0103 a \u00eentreprinderilor, Audit, Expertiz\u0103 contabil\u0103, Doctrina\u00a0\u015fi deontologia profesiei contabile<\/em>\u00a0cu o durat\u0103 de 4 ore;<\/li><li><strong>Pentru categoria de contabil autorizat sus\u021binerea unei probe scrise, cu subiecte\u00a0<\/strong>din disciplinele Contabilitate, Fiscalitate \u015fi Drept, cu o durat\u0103 de 3 ore.<\/li><\/ul><p class=\"has-black-color has-text-color\">Se declar\u0103 admi\u0219i candida\u021bii care ob\u021bin cel pu\u021bin media 7 \u0219i minimum nota 6 la fiecare disciplin\u0103 de examen.<\/p>\t\t\t\t\t\t\t<\/div>\n\t\t\t\t\t\t<div id=\"tab-cont-435841a89aa1e8b5e1a52a967d0eb145-4\"\n\t\t\t     class=\"tab-pane fade \">\n\t\t\t\t\n\t\t\t\t\t\t\t\t\t<h1>Examenul de acces la stagiu \u2013 sesiunea 30 septembrie \u0219i 2 octombrie 2022<\/h1><ul><li><p class=\"has-black-color has-text-color\">Examenul de admitere la stagiu se va organiza \u00een zilele de 30 septembrie \u2013 &nbsp;01 octombrie 2022 \u0219i const\u0103 \u00een urm\u0103toarele:<\/p><ul><li><strong>Pentru categoria de expert contabil sus\u021binerea a dou\u0103 probe scrise, dup\u0103 cum urmeaz\u0103:<\/strong><ul><li>o prob\u0103 scris\u0103 cu subiecte din disciplinele&nbsp;<em>Contabilitate, Fiscalitate&nbsp;<\/em>\u015fi<em>&nbsp;Drept<\/em>, cu o durat\u0103 de 3 ore;<\/li><\/ul><ul><li>o prob\u0103 scris\u0103 cu subiecte din disciplinele&nbsp;<em>Evaluare economic\u0103 \u015fi financiar\u0103 a \u00eentreprinderilor, Audit, Expertiz\u0103 contabil\u0103 \u015fi Doctrina \u015fi deontologia profesiei contabile<\/em>, cu o durat\u0103 de 3 ore;<\/li><\/ul><\/li><\/ul><ul><li><strong>Pentru categoria contabililor autoriza\u0163i care \u00eendeplinesc condi\u0163ia de studii superioare economice sus\u021binerea<\/strong>&nbsp;unei probe scrise cu subiecte din disciplinele&nbsp;<em>Contabilitate, Evaluare economic\u0103 \u015fi financiar\u0103 a \u00eentreprinderilor, Audit, Expertiz\u0103 contabil\u0103, Doctrina&nbsp;\u015fi deontologia profesiei contabile<\/em>&nbsp;cu o durat\u0103 de 4 ore;<\/li><li><strong>Pentru categoria de contabil autorizat sus\u021binerea unei probe scrise, cu subiecte&nbsp;<\/strong>din disciplinele Contabilitate, Fiscalitate \u015fi Drept, cu o durat\u0103 de 3 ore.<\/li><\/ul><p class=\"has-black-color has-text-color\">Se declar\u0103 admi\u0219i candida\u021bii care ob\u021bin cel pu\u021bin media 7 \u0219i minimum nota 6 la fiecare disciplin\u0103 de examen.<\/p><\/li><\/ul>\t\t\t\t\t\t\t<\/div>\n\t\t\t\t\t\t<div id=\"tab-cont-435841a89aa1e8b5e1a52a967d0eb145-5\"\n\t\t\t     class=\"tab-pane fade \">\n\t\t\t\t\n\t\t\t\t\t\t\t\t\t<p><strong>Calendarul cursurilor de preg\u0103tire va fi disponibil \u00een cur\u00e2nd.<\/strong><\/p>\t\t\t\t\t\t\t<\/div>\n\t\t\t\t\t\t<div id=\"tab-cont-435841a89aa1e8b5e1a52a967d0eb145-6\"\n\t\t\t     class=\"tab-pane fade \">\n\t\t\t\t\n\t\t\t\t\t\t\t\t\t<ul><li><a href=\"https:\/\/ceccar.ro\/ro\/wp-content\/uploads\/2022\/04\/Programa-EC-examen-acces-septembrie-octombrie-2022.pdf\" target=\"_blank\" rel=\"noreferrer noopener\">Programa aferent\u0103 examenului de admitere la stagiu \u00een vederea ob\u0163inerii calit\u0103\u0163ii de expert contabil (sesiunea septembrie \u2013 octombrie 2022, \u00een curs de actualizare)<\/a>.<\/li><\/ul>\t\t\t\t\t\t\t<\/div>\n\t\t\t\t\t\t<div id=\"tab-cont-435841a89aa1e8b5e1a52a967d0eb145-7\"\n\t\t\t     class=\"tab-pane fade \">\n\t\t\t\t\n\t\t\t\t\t\t\t\t\t<ul><li><a href=\"https:\/\/ceccar.ro\/ro\/wp-content\/uploads\/2022\/04\/Programa-CA-examen-acces-septembrie-octombrie-2022.pdf\" target=\"_blank\" rel=\"noreferrer noopener\">Programa aferent\u0103 examenului de admitere la stagiu \u00een vederea ob\u0163inerii calit\u0103\u0163ii de contabil autorizat (sesiunea septembrie \u2013 octombrie 2022, \u00een curs de actualizare)<\/a>.<\/li><\/ul>\t\t\t\t\t\t\t<\/div>\n\t\t\t\t\t\t<div id=\"tab-cont-435841a89aa1e8b5e1a52a967d0eb145-8\"\n\t\t\t     class=\"tab-pane fade \">\n\t\t\t\t\n\t\t\t\t\t\t\t\t\t<div class=\"grid_24\"><div id=\"wrapper\"><div class=\"wrapper\"><div id=\"content1\" class=\"grid_24\"><ul><li><ul><li><a href=\"https:\/\/ceccar.ro\/ro\/wp-content\/uploads\/2011\/09\/regulament-acces.pdf\" target=\"_blank\" rel=\"noopener noreferrer\">Regulament privind accesul la profesia de expert contabil \u015fi de contabil autorizat<\/a><\/li><li><a href=\"https:\/\/ceccar.ro\/ro\/?page_id=963\">Examenul de admitere la stagiu \u2013 sesiunea 26 \u2013 27 septembrie 2024<\/a><\/li><\/ul><\/li><\/ul><ul><li><strong>Programa<\/strong><ul><li><a title=\"\" href=\"https:\/\/ceccar.ro\/ro\/wp-content\/uploads\/2024\/02\/Programa-EC-examen-acces-septembrie-2024_cu-modificari-MF.pdf\" target=\"_blank\" rel=\"noopener\">Programa aferent\u0103 examenului de admitere la stagiu \u00een vederea ob\u0163inerii calit\u0103\u0163ii de expert contabil (sesiunea septembrie 2024)<\/a><\/li><li><a title=\"\" href=\"https:\/\/ceccar.ro\/ro\/wp-content\/uploads\/2024\/02\/Programa-CA-examen-acces-septembrie-2024_cu-recomandari-MF.pdf\" target=\"_blank\" rel=\"noopener\">Programa aferent\u0103 examenului de admitere la stagiu \u00een vederea ob\u0163inerii calit\u0103\u0163ii de contabil autorizat (sesiunea septembrie 2024)<\/a><\/li><\/ul><\/li><\/ul><ul><li><strong>Efectuarea stagiului<\/strong><ul><li><a title=\"\" href=\"https:\/\/ceccar.ro\/ro\/wp-content\/uploads\/2024\/02\/Procedura-privind-sustinerea-evaluarilor-si-reevaluarilor-din-timpul-stagiului.pdf\" target=\"_blank\" rel=\"noopener\">Procedur\u0103 privind sus\u021binerea evalu\u0103rilor \u0219i reevalu\u0103rilor din timpul stagiului<\/a><\/li><\/ul><\/li><\/ul><ul><li><strong>Echivalarea disciplinelor din cadrul examenelor de master cu cele de la examenul de admitere \u00een profesie<\/strong><ul><li><a href=\"https:\/\/ceccar.ro\/ro\/?page_id=991\">Con\u021binutul dosarului depus de facult\u0103\u021bile de profil<\/a><\/li><li><a href=\"https:\/\/ceccar.ro\/ro\/wp-content\/uploads\/2022\/09\/Evidenta-protocoale-master-actualizat-2022.pdf\" target=\"_blank\" rel=\"noreferrer noopener\">Institu\u021biile de \u00eenv\u0103\u021b\u0103m\u00e2nt superior care au \u00eencheiat cu CECCAR protocoale de colaborare<\/a><\/li><li><a href=\"https:\/\/ceccar.ro\/ro\/?page_id=996\">Echivalarea disciplinelor programelor de masterat cu disciplinele examenului de admitere, categoria expert contabil \u2013 Termen de depunere \u0219i con\u021binutul dosarului<\/a><\/li><\/ul><\/li><\/ul><p class=\"has-text-align-center\"><span class=\"stk-highlight\"><strong>Discipline stagiu 2023<\/strong>\u00a0\u2013\u00a0<strong>Categoria expert contabil<\/strong><\/span><\/p><div class=\"wp-block-stackable-columns stk-block-columns stk-block stk-e9486f1\" data-block-id=\"e9486f1\"><div class=\"stk-row stk-inner-blocks stk-block-content stk-content-align stk-e9486f1-column\"><div class=\"wp-block-stackable-column stk-block-column stk-column stk-block stk-d17e80b\" data-v=\"4\" data-block-id=\"d17e80b\"><div class=\"stk-column-wrapper stk-block-column__content stk-container stk-d17e80b-container stk--no-background stk--no-padding\"><div class=\"stk-block-content stk-inner-blocks stk-d17e80b-inner-blocks\"><div class=\"wp-block-image\"><figure class=\"aligncenter size-large\"><img loading=\"lazy\" decoding=\"async\" class=\"wp-image-28719\" src=\"https:\/\/ceccar.ro\/ro\/wp-content\/uploads\/2023\/02\/Discipline-expert-contabil-2023-614x1024.png\" sizes=\"auto, (max-width: 614px) 100vw, 614px\" srcset=\"https:\/\/ceccar.ro\/ro\/wp-content\/uploads\/2023\/02\/Discipline-expert-contabil-2023-614x1024.png 614w, https:\/\/ceccar.ro\/ro\/wp-content\/uploads\/2023\/02\/Discipline-expert-contabil-2023-180x300.png 180w, https:\/\/ceccar.ro\/ro\/wp-content\/uploads\/2023\/02\/Discipline-expert-contabil-2023-90x150.png 90w, https:\/\/ceccar.ro\/ro\/wp-content\/uploads\/2023\/02\/Discipline-expert-contabil-2023-768x1280.png 768w, https:\/\/ceccar.ro\/ro\/wp-content\/uploads\/2023\/02\/Discipline-expert-contabil-2023-922x1536.png 922w, https:\/\/ceccar.ro\/ro\/wp-content\/uploads\/2023\/02\/Discipline-expert-contabil-2023.png 1200w\" alt=\"\" width=\"614\" height=\"1024\" \/><\/figure><\/div><\/div><\/div><\/div><\/div><\/div><p class=\"has-text-align-center\"><span class=\"stk-highlight\"><strong>Discipline stagiu 2023\u00a0<\/strong>\u2013\u00a0<strong>Categoria contabil autorizat<\/strong><\/span><\/p><div class=\"wp-block-image\"><figure class=\"aligncenter size-large\"><img loading=\"lazy\" decoding=\"async\" class=\"wp-image-28718\" src=\"https:\/\/ceccar.ro\/ro\/wp-content\/uploads\/2023\/02\/Discipline-contabil-autorizat-2023-614x1024.png\" sizes=\"auto, (max-width: 614px) 100vw, 614px\" srcset=\"https:\/\/ceccar.ro\/ro\/wp-content\/uploads\/2023\/02\/Discipline-contabil-autorizat-2023-614x1024.png 614w, https:\/\/ceccar.ro\/ro\/wp-content\/uploads\/2023\/02\/Discipline-contabil-autorizat-2023-180x300.png 180w, https:\/\/ceccar.ro\/ro\/wp-content\/uploads\/2023\/02\/Discipline-contabil-autorizat-2023-90x150.png 90w, https:\/\/ceccar.ro\/ro\/wp-content\/uploads\/2023\/02\/Discipline-contabil-autorizat-2023-768x1280.png 768w, https:\/\/ceccar.ro\/ro\/wp-content\/uploads\/2023\/02\/Discipline-contabil-autorizat-2023-922x1536.png 922w, https:\/\/ceccar.ro\/ro\/wp-content\/uploads\/2023\/02\/Discipline-contabil-autorizat-2023.png 1200w\" alt=\"\" width=\"614\" height=\"1024\" \/><\/figure><\/div><\/div><\/div><div class=\"clear\"><\/div><\/div><\/div>\t\t\t\t\t\t\t<\/div>\n\t\t\t\t<\/div>\n<\/div><div class=\"fw-divider-space space-sm  clearfix\"  ><\/div>\t\t<\/div>\n\t<\/div>\n<\/div><\/div>\n\n\t<\/div>\n\t<\/section>\n","protected":false},"excerpt":{"rendered":"<p>Examenul de acces la stagiu Anun\u0163uri \u015fi nout\u0103\u0163i Regulament privind accesul la profesia de expert contabil \u015fi de contabil autorizat Dosarul de \u00eenscriere la examenul de acces la stagiu Sesiuni de examen de acces la [&hellip;]<\/p>\n","protected":false},"author":1,"featured_media":0,"parent":288,"menu_order":0,"comment_status":"closed","ping_status":"closed","template":"brizy-blank-template.php","meta":{"footnotes":""},"class_list":["post-572","page","type-page","status-publish","hentry"],"brizy_media":[],"_links":{"self":[{"href":"https:\/\/ceccarprahova.ro\/ro\/wp-json\/wp\/v2\/pages\/572","targetHints":{"allow":["GET"]}}],"collection":[{"href":"https:\/\/ceccarprahova.ro\/ro\/wp-json\/wp\/v2\/pages"}],"about":[{"href":"https:\/\/ceccarprahova.ro\/ro\/wp-json\/wp\/v2\/types\/page"}],"author":[{"embeddable":true,"href":"https:\/\/ceccarprahova.ro\/ro\/wp-json\/wp\/v2\/users\/1"}],"replies":[{"embeddable":true,"href":"https:\/\/ceccarprahova.ro\/ro\/wp-json\/wp\/v2\/comments?post=572"}],"version-history":[{"count":30,"href":"https:\/\/ceccarprahova.ro\/ro\/wp-json\/wp\/v2\/pages\/572\/revisions"}],"predecessor-version":[{"id":8341,"href":"https:\/\/ceccarprahova.ro\/ro\/wp-json\/wp\/v2\/pages\/572\/revisions\/8341"}],"up":[{"embeddable":true,"href":"https:\/\/ceccarprahova.ro\/ro\/wp-json\/wp\/v2\/pages\/288"}],"wp:attachment":[{"href":"https:\/\/ceccarprahova.ro\/ro\/wp-json\/wp\/v2\/media?parent=572"}],"curies":[{"name":"wp","href":"https:\/\/api.w.org\/{rel}","templated":true}]}}